{"id":401,"date":"2023-05-24T23:22:41","date_gmt":"2023-05-24T21:22:41","guid":{"rendered":"https:\/\/freelance-analytics.fr\/?page_id=401"},"modified":"2023-12-06T11:38:05","modified_gmt":"2023-12-06T10:38:05","slug":"audit-web-analytics","status":"publish","type":"page","link":"https:\/\/freelance-analytics.fr\/index.php\/audit-web-analytics\/","title":{"rendered":"Audit  web Analytics"},"content":{"rendered":"\n<h2 class=\"wp-block-heading has-text-align-center\"><mark style=\"background-color:rgba(0, 0, 0, 0);color:#006ac1\" class=\"has-inline-color\">Am\u00e9liorez votre collecte de donn\u00e9es avec un audit Web Analytics<\/mark><\/h2>\n\n\n\n<p>Dans le paysage num\u00e9rique d&rsquo;aujourd&rsquo;hui, les donn\u00e9es sont au c\u0153ur de la prise de d\u00e9cisions \u00e9clair\u00e9es et de la croissance des entreprises en ligne. Pour garantir une collecte de donn\u00e9es optimale, il est essentiel de proc\u00e9der \u00e0 un audit approfondi de votre impl\u00e9mentation Google Analytics 4. En tant que consultant web analyste ind\u00e9pendant, je vous fournis un Audit Web Analytics complet.<\/p>\n\n\n\n<h3 class=\"wp-block-heading\"><mark style=\"background-color:rgba(0, 0, 0, 0);color:#006ac1\" class=\"has-inline-color\">\u00c9valuation approfondie de votre impl\u00e9mentation GA4<\/mark><mark style=\"background-color:rgba(0, 0, 0, 0)\" class=\"has-inline-color has-secondary-color\">                        <\/mark><\/h3>\n\n\n\n<p>L&rsquo;audit web Analytics que je propose comprend une \u00e9valuation approfondie de votre impl\u00e9mentation GA4. Je passerai en revue tous les param\u00e8tres de votre compte Google Analytics pour m&rsquo;assurer de son bon fonctionnement et de son ad\u00e9quation avec vos objectifs commerciaux. L&rsquo;objectif principal de cette \u00e9valuation est de d\u00e9tecter les probl\u00e8mes et les lacunes qui pourraient affecter la collecte de donn\u00e9es et l&rsquo;exactitude des rapports g\u00e9n\u00e9r\u00e9s.<\/p>\n\n\n\n<h3 class=\"wp-block-heading\"><mark style=\"background-color:rgba(0, 0, 0, 0);color:#006ac1\" class=\"has-inline-color\">V\u00e9rification de la qualit\u00e9 de votre configuration GA4 <\/mark>                                 <\/h3>\n\n\n\n<p>Pendant l&rsquo;audit, je v\u00e9rifierai la qualit\u00e9 de votre configuration GA4. Cela comprend l&rsquo;examen des balises de suivi, des param\u00e8tres de vue, des objectifs, des \u00e9v\u00e9nements personnalis\u00e9s et d&rsquo;autres \u00e9l\u00e9ments cl\u00e9s de votre impl\u00e9mentation. Je m&rsquo;assurerai que tous les \u00e9l\u00e9ments sont correctement configur\u00e9s et suivent les meilleures pratiques recommand\u00e9es par Google Analytics.<\/p>\n\n\n\n<h3 class=\"wp-block-heading\"><mark style=\"background-color:rgba(0, 0, 0, 0);color:#006ac1\" class=\"has-inline-color\">Conformit\u00e9 aux r\u00e9glementations sur la protection des donn\u00e9es<\/mark><mark style=\"background-color:rgba(0, 0, 0, 0)\" class=\"has-inline-color has-secondary-color\"> <\/mark>             <\/h3>\n\n\n\n<p>En plus d&rsquo;\u00e9valuer l&rsquo;impl\u00e9mentation GA4, je veillerai \u00e0 ce que votre site web respecte les r\u00e9glementations en mati\u00e8re de protection des donn\u00e9es, notamment le R\u00e8glement g\u00e9n\u00e9ral sur la protection des donn\u00e9es (RGPD). La protection de la vie priv\u00e9e des utilisateurs est une priorit\u00e9 absolue.<\/p>\n\n\n\n<h3 class=\"wp-block-heading\"><mark style=\"background-color:rgba(0, 0, 0, 0);color:#006ac1\" class=\"has-inline-color\">Rapport d\u00e9taill\u00e9 et recommandations personnalis\u00e9es <\/mark>                           <\/h3>\n\n\n\n<p>Une fois l&rsquo;audit web Analytics r\u00e9alis\u00e9, je vous fournirai un rapport d\u00e9taill\u00e9 mettant en \u00e9vidence les probl\u00e8mes identifi\u00e9s et les recommandations pour optimiser votre collecte de donn\u00e9es. Ces recommandations seront adapt\u00e9es \u00e0 vos objectifs sp\u00e9cifiques.<\/p>\n\n\n\n<h3 class=\"wp-block-heading\"><mark style=\"background-color:rgba(0, 0, 0, 0);color:#006ac1\" class=\"has-inline-color\">R\u00e9sultats<\/mark> <\/h3>\n\n\n\n<p>L&rsquo;optimisation de la collecte de donn\u00e9es vous permettra d&rsquo;obtenir des informations pr\u00e9cises et fiables sur les performances de votre site web. Vous pourrez prendre des d\u00e9cisions \u00e9clair\u00e9es et mettre en place des strat\u00e9gies marketing plus efficaces.<\/p>\n\n\n\n<p>Faites appel \u00e0 un <a href=\"https:\/\/freelance-analytics.fr\/\">consultant<\/a> web analyste pour b\u00e9n\u00e9ficier de l&rsquo;expertise n\u00e9cessaire \u00e0 la r\u00e9alisation de cet audit Analytics. Identifiez et corrigez les probl\u00e8mes qui pourraient entraver la collecte de donn\u00e9es et am\u00e9liorez la qualit\u00e9 de vos rapports.<\/p>\n\n\n\n<h4 class=\"wp-block-heading has-text-align-center\"><mark style=\"background-color:rgba(0, 0, 0, 0);color:#006ac1\" class=\"has-inline-color\">N\u2019attendez plus pour maximiser votre succ\u00e8s en ligne<\/mark> <\/h4>\n\n\n\n<p><a href=\"https:\/\/freelance-analytics.fr\/index.php\/contact\/\">Contactez moi<\/a> d\u00e8s aujourd\u2019hui et d\u00e9couvrez comment mes services Analytics peuvent vous aider \u00e0 optimiser votre site web pour atteindre vos objectifs.<\/p>\n","protected":false},"excerpt":{"rendered":"<p>Am\u00e9liorez votre collecte de donn\u00e9es avec un audit Web Analytics Dans le paysage num\u00e9rique d&rsquo;aujourd&rsquo;hui, les donn\u00e9es sont au c\u0153ur de la prise de d\u00e9cisions \u00e9clair\u00e9es et de la croissance des entreprises en ligne. Pour garantir une collecte de donn\u00e9es optimale, il est essentiel de proc\u00e9der \u00e0 un audit approfondi de votre impl\u00e9mentation Google Analytics&#8230;<\/p>\n","protected":false},"author":1,"featured_media":0,"parent":0,"menu_order":0,"comment_status":"closed","ping_status":"closed","template":"","meta":{"_kadence_starter_templates_imported_post":false,"_kad_post_transparent":"","_kad_post_title":"hide","_kad_post_layout":"","_kad_post_sidebar_id":"","_kad_post_content_style":"","_kad_post_vertical_padding":"","_kad_post_feature":"","_kad_post_feature_position":"","_kad_post_header":false,"_kad_post_footer":false,"_kad_post_classname":"","footnotes":""},"class_list":["post-401","page","type-page","status-publish","hentry"],"yoast_head":"<!-- This site is optimized with the Yoast SEO plugin v27.0 - https:\/\/yoast.com\/product\/yoast-seo-wordpress\/ -->\n<title>Audit web Analytics - Freelance Analytics Paris<\/title>\n<meta name=\"description\" content=\"Am\u00e9liorez votre collecte de donn\u00e9es avec un Audit Web Analytics complet ( audit du site - Impl\u00e9mentation GA4 - RGPD ) Google Analytics 4.\" \/>\n<meta name=\"robots\" content=\"index, follow, max-snippet:-1, max-image-preview:large, max-video-preview:-1\" \/>\n<link rel=\"canonical\" href=\"https:\/\/freelance-analytics.fr\/index.php\/audit-web-analytics\/\" \/>\n<meta property=\"og:locale\" content=\"fr_FR\" \/>\n<meta property=\"og:type\" content=\"article\" \/>\n<meta property=\"og:title\" content=\"Audit web Analytics - Freelance Analytics Paris\" \/>\n<meta property=\"og:description\" content=\"Am\u00e9liorez votre collecte de donn\u00e9es avec un Audit Web Analytics complet ( audit du site - Impl\u00e9mentation GA4 - RGPD ) Google Analytics 4.\" \/>\n<meta property=\"og:url\" content=\"https:\/\/freelance-analytics.fr\/index.php\/audit-web-analytics\/\" \/>\n<meta property=\"og:site_name\" content=\"Freelance Analytics Paris\" \/>\n<meta property=\"article:modified_time\" content=\"2023-12-06T10:38:05+00:00\" \/>\n<meta name=\"twitter:card\" content=\"summary_large_image\" \/>\n<meta name=\"twitter:label1\" content=\"Dur\u00e9e de lecture estim\u00e9e\" \/>\n\t<meta name=\"twitter:data1\" content=\"3 minutes\" \/>\n<script type=\"application\/ld+json\" class=\"yoast-schema-graph\">{\"@context\":\"https:\/\/schema.org\",\"@graph\":[{\"@type\":\"WebPage\",\"@id\":\"https:\/\/freelance-analytics.fr\/index.php\/audit-web-analytics\/\",\"url\":\"https:\/\/freelance-analytics.fr\/index.php\/audit-web-analytics\/\",\"name\":\"Audit web Analytics - Freelance Analytics Paris\",\"isPartOf\":{\"@id\":\"https:\/\/freelance-analytics.fr\/#website\"},\"datePublished\":\"2023-05-24T21:22:41+00:00\",\"dateModified\":\"2023-12-06T10:38:05+00:00\",\"description\":\"Am\u00e9liorez votre collecte de donn\u00e9es avec un Audit Web Analytics complet ( audit du site - Impl\u00e9mentation GA4 - RGPD ) Google Analytics 4.\",\"breadcrumb\":{\"@id\":\"https:\/\/freelance-analytics.fr\/index.php\/audit-web-analytics\/#breadcrumb\"},\"inLanguage\":\"fr-FR\",\"potentialAction\":[{\"@type\":\"ReadAction\",\"target\":[\"https:\/\/freelance-analytics.fr\/index.php\/audit-web-analytics\/\"]}]},{\"@type\":\"BreadcrumbList\",\"@id\":\"https:\/\/freelance-analytics.fr\/index.php\/audit-web-analytics\/#breadcrumb\",\"itemListElement\":[{\"@type\":\"ListItem\",\"position\":1,\"name\":\"Accueil\",\"item\":\"https:\/\/freelance-analytics.fr\/\"},{\"@type\":\"ListItem\",\"position\":2,\"name\":\"Audit web Analytics\"}]},{\"@type\":\"WebSite\",\"@id\":\"https:\/\/freelance-analytics.fr\/#website\",\"url\":\"https:\/\/freelance-analytics.fr\/\",\"name\":\"Freelance Analytics | Consultant Analytics\",\"description\":\"&quot;Des donn\u00e9es \u00e0 l&#039;action&quot;\",\"publisher\":{\"@id\":\"https:\/\/freelance-analytics.fr\/#organization\"},\"potentialAction\":[{\"@type\":\"SearchAction\",\"target\":{\"@type\":\"EntryPoint\",\"urlTemplate\":\"https:\/\/freelance-analytics.fr\/?s={search_term_string}\"},\"query-input\":{\"@type\":\"PropertyValueSpecification\",\"valueRequired\":true,\"valueName\":\"search_term_string\"}}],\"inLanguage\":\"fr-FR\"},{\"@type\":\"Organization\",\"@id\":\"https:\/\/freelance-analytics.fr\/#organization\",\"name\":\"Freelance Analytics | Consultant Analytics\",\"url\":\"https:\/\/freelance-analytics.fr\/\",\"logo\":{\"@type\":\"ImageObject\",\"inLanguage\":\"fr-FR\",\"@id\":\"https:\/\/freelance-analytics.fr\/#\/schema\/logo\/image\/\",\"url\":\"https:\/\/freelance-analytics.fr\/wp-content\/uploads\/2023\/05\/cropped-cropped-Icone_de_site_Freelance_Analytics-1.jpg\",\"contentUrl\":\"https:\/\/freelance-analytics.fr\/wp-content\/uploads\/2023\/05\/cropped-cropped-Icone_de_site_Freelance_Analytics-1.jpg\",\"width\":511,\"height\":511,\"caption\":\"Freelance Analytics | Consultant Analytics\"},\"image\":{\"@id\":\"https:\/\/freelance-analytics.fr\/#\/schema\/logo\/image\/\"}}]}<\/script>\n<!-- \/ Yoast SEO plugin. -->","yoast_head_json":{"title":"Audit web Analytics - Freelance Analytics Paris","description":"Am\u00e9liorez votre collecte de donn\u00e9es avec un Audit Web Analytics complet ( audit du site - Impl\u00e9mentation GA4 - RGPD ) Google Analytics 4.","robots":{"index":"index","follow":"follow","max-snippet":"max-snippet:-1","max-image-preview":"max-image-preview:large","max-video-preview":"max-video-preview:-1"},"canonical":"https:\/\/freelance-analytics.fr\/index.php\/audit-web-analytics\/","og_locale":"fr_FR","og_type":"article","og_title":"Audit web Analytics - Freelance Analytics Paris","og_description":"Am\u00e9liorez votre collecte de donn\u00e9es avec un Audit Web Analytics complet ( audit du site - Impl\u00e9mentation GA4 - RGPD ) Google Analytics 4.","og_url":"https:\/\/freelance-analytics.fr\/index.php\/audit-web-analytics\/","og_site_name":"Freelance Analytics Paris","article_modified_time":"2023-12-06T10:38:05+00:00","twitter_card":"summary_large_image","twitter_misc":{"Dur\u00e9e de lecture estim\u00e9e":"3 minutes"},"schema":{"@context":"https:\/\/schema.org","@graph":[{"@type":"WebPage","@id":"https:\/\/freelance-analytics.fr\/index.php\/audit-web-analytics\/","url":"https:\/\/freelance-analytics.fr\/index.php\/audit-web-analytics\/","name":"Audit web Analytics - Freelance Analytics Paris","isPartOf":{"@id":"https:\/\/freelance-analytics.fr\/#website"},"datePublished":"2023-05-24T21:22:41+00:00","dateModified":"2023-12-06T10:38:05+00:00","description":"Am\u00e9liorez votre collecte de donn\u00e9es avec un Audit Web Analytics complet ( audit du site - Impl\u00e9mentation GA4 - RGPD ) Google Analytics 4.","breadcrumb":{"@id":"https:\/\/freelance-analytics.fr\/index.php\/audit-web-analytics\/#breadcrumb"},"inLanguage":"fr-FR","potentialAction":[{"@type":"ReadAction","target":["https:\/\/freelance-analytics.fr\/index.php\/audit-web-analytics\/"]}]},{"@type":"BreadcrumbList","@id":"https:\/\/freelance-analytics.fr\/index.php\/audit-web-analytics\/#breadcrumb","itemListElement":[{"@type":"ListItem","position":1,"name":"Accueil","item":"https:\/\/freelance-analytics.fr\/"},{"@type":"ListItem","position":2,"name":"Audit web Analytics"}]},{"@type":"WebSite","@id":"https:\/\/freelance-analytics.fr\/#website","url":"https:\/\/freelance-analytics.fr\/","name":"Freelance Analytics | Consultant Analytics","description":"&quot;Des donn\u00e9es \u00e0 l&#039;action&quot;","publisher":{"@id":"https:\/\/freelance-analytics.fr\/#organization"},"potentialAction":[{"@type":"SearchAction","target":{"@type":"EntryPoint","urlTemplate":"https:\/\/freelance-analytics.fr\/?s={search_term_string}"},"query-input":{"@type":"PropertyValueSpecification","valueRequired":true,"valueName":"search_term_string"}}],"inLanguage":"fr-FR"},{"@type":"Organization","@id":"https:\/\/freelance-analytics.fr\/#organization","name":"Freelance Analytics | Consultant Analytics","url":"https:\/\/freelance-analytics.fr\/","logo":{"@type":"ImageObject","inLanguage":"fr-FR","@id":"https:\/\/freelance-analytics.fr\/#\/schema\/logo\/image\/","url":"https:\/\/freelance-analytics.fr\/wp-content\/uploads\/2023\/05\/cropped-cropped-Icone_de_site_Freelance_Analytics-1.jpg","contentUrl":"https:\/\/freelance-analytics.fr\/wp-content\/uploads\/2023\/05\/cropped-cropped-Icone_de_site_Freelance_Analytics-1.jpg","width":511,"height":511,"caption":"Freelance Analytics | Consultant Analytics"},"image":{"@id":"https:\/\/freelance-analytics.fr\/#\/schema\/logo\/image\/"}}]}},"_links":{"self":[{"href":"https:\/\/freelance-analytics.fr\/index.php\/wp-json\/wp\/v2\/pages\/401","targetHints":{"allow":["GET"]}}],"collection":[{"href":"https:\/\/freelance-analytics.fr\/index.php\/wp-json\/wp\/v2\/pages"}],"about":[{"href":"https:\/\/freelance-analytics.fr\/index.php\/wp-json\/wp\/v2\/types\/page"}],"author":[{"embeddable":true,"href":"https:\/\/freelance-analytics.fr\/index.php\/wp-json\/wp\/v2\/users\/1"}],"replies":[{"embeddable":true,"href":"https:\/\/freelance-analytics.fr\/index.php\/wp-json\/wp\/v2\/comments?post=401"}],"version-history":[{"count":32,"href":"https:\/\/freelance-analytics.fr\/index.php\/wp-json\/wp\/v2\/pages\/401\/revisions"}],"predecessor-version":[{"id":1293,"href":"https:\/\/freelance-analytics.fr\/index.php\/wp-json\/wp\/v2\/pages\/401\/revisions\/1293"}],"wp:attachment":[{"href":"https:\/\/freelance-analytics.fr\/index.php\/wp-json\/wp\/v2\/media?parent=401"}],"curies":[{"name":"wp","href":"https:\/\/api.w.org\/{rel}","templated":true}]}}