{"id":407,"date":"2023-05-24T23:25:23","date_gmt":"2023-05-24T21:25:23","guid":{"rendered":"https:\/\/freelance-analytics.fr\/?page_id=407"},"modified":"2023-12-04T21:19:12","modified_gmt":"2023-12-04T20:19:12","slug":"tableaux-de-bord-web","status":"publish","type":"page","link":"https:\/\/freelance-analytics.fr\/index.php\/tableaux-de-bord-web\/","title":{"rendered":"Tableaux de bord web"},"content":{"rendered":"\n<h2 class=\"wp-block-heading has-text-align-center\"><mark style=\"background-color:rgba(0, 0, 0, 0);color:#006ac1\" class=\"has-inline-color\">Suivez vos performances avec les tableaux de bord personnalis\u00e9s avec Looker Studio<\/mark><\/h2>\n\n\n\n<p>Dans le monde num\u00e9rique d&rsquo;aujourd&rsquo;hui, il est essentiel de suivre de pr\u00e8s les performances de votre site Web afin de prendre des d\u00e9cisions strat\u00e9giques \u00e9clair\u00e9es. Gr\u00e2ce \u00e0 l&rsquo;outil Looker Studio, je vous aiderai \u00e0 mettre en place des tableaux de bord Analytics personnalis\u00e9s qui vous offriront une vue d&rsquo;ensemble claire et concise de vos indicateurs cl\u00e9s de performance (KPI). Ces tableaux de bord intuitifs vous permettront de suivre facilement vos donn\u00e9es, d&rsquo;identifier les tendances, de d\u00e9tecter les anomalies et de prendre des mesures proactives pour optimiser votre pr\u00e9sence en ligne.<\/p>\n\n\n\n<h3 class=\"wp-block-heading\"><mark style=\"background-color:rgba(0, 0, 0, 0);color:#006ac1\" class=\"has-inline-color\">Les tableaux de bord personnalis\u00e9s de Looker Studio offrent une visualisation claire et concise de vos donn\u00e9es importantes<\/mark> <\/h3>\n\n\n\n<p>Vous pouvez choisir les m\u00e9triques et les indicateurs qui sont les plus pertinents pour votre activit\u00e9 en ligne et les afficher dans des graphiques interactifs, des tableaux dynamiques et des visualisations personnalis\u00e9es. <\/p>\n\n\n\n<h3 class=\"wp-block-heading\"><mark style=\"background-color:rgba(0, 0, 0, 0);color:#006ac1\" class=\"has-inline-color\">Vous pouvez facilement suivre les performances de vos campagnes publicitaires<\/mark><\/h3>\n\n\n\n<p>Permet de visualiser les m\u00e9triques cl\u00e9s telles que les clics, les impressions, les taux de conversion et le retour sur investissement, vous permettant de prendre des d\u00e9cisions \u00e9clair\u00e9es sur la r\u00e9partition de votre budget publicitaire et l&rsquo;optimisation de vos campagnes etc&#8230;<\/p>\n\n\n\n<h3 class=\"wp-block-heading\"><mark style=\"background-color:rgba(0, 0, 0, 0);color:#006ac1\" class=\"has-inline-color\">Un outil puissant pour suivre et interpr\u00e9ter vos donn\u00e9es importantes en un coup d&rsquo;\u0153il<\/mark><\/h3>\n\n\n\n<p>Ils vous permettent de visualiser facilement vos KPI, de d\u00e9tecter les tendances et les anomalies, et de prendre des mesures proactives pour optimiser votre pr\u00e9sence en ligne. Que vous souhaitiez suivre les performances de vos campagnes publicitaires, analyser le comportement des utilisateurs sur votre site Web, \u00e9valuer l&rsquo;efficacit\u00e9 de vos strat\u00e9gies de contenu ou mesurer le retour sur investissement de vos efforts marketing, les tableaux de bord personnalis\u00e9s de Looker Studio vous offrent une solution compl\u00e8te.<\/p>\n\n\n\n<h4 class=\"wp-block-heading has-text-align-center\"><mark style=\"background-color:rgba(0, 0, 0, 0);color:#006ac1\" class=\"has-inline-color\">N\u2019attendez plus pour maximiser votre succ\u00e8s en ligne<\/mark>\u00a0<\/h4>\n\n\n\n<p><a href=\"https:\/\/freelance-analytics.fr\/index.php\/contact\/\">Contactez moi<\/a>&nbsp;d\u00e8s aujourd\u2019hui et d\u00e9couvrez comment mes services peuvent vous aider \u00e0 optimiser votre site Web pour atteindre vos objectifs.<\/p>\n","protected":false},"excerpt":{"rendered":"<p>Suivez vos performances avec les tableaux de bord personnalis\u00e9s avec Looker Studio Dans le monde num\u00e9rique d&rsquo;aujourd&rsquo;hui, il est essentiel de suivre de pr\u00e8s les performances de votre site Web afin de prendre des d\u00e9cisions strat\u00e9giques \u00e9clair\u00e9es. Gr\u00e2ce \u00e0 l&rsquo;outil Looker Studio, je vous aiderai \u00e0 mettre en place des tableaux de bord Analytics personnalis\u00e9s&#8230;<\/p>\n","protected":false},"author":1,"featured_media":0,"parent":0,"menu_order":0,"comment_status":"closed","ping_status":"closed","template":"","meta":{"_kadence_starter_templates_imported_post":false,"_kad_post_transparent":"","_kad_post_title":"hide","_kad_post_layout":"","_kad_post_sidebar_id":"","_kad_post_content_style":"","_kad_post_vertical_padding":"","_kad_post_feature":"","_kad_post_feature_position":"","_kad_post_header":false,"_kad_post_footer":false,"_kad_post_classname":"","footnotes":""},"class_list":["post-407","page","type-page","status-publish","hentry"],"yoast_head":"<!-- This site is optimized with the Yoast SEO plugin v27.0 - https:\/\/yoast.com\/product\/yoast-seo-wordpress\/ -->\n<title>Tableaux de bord web - Freelance Analytics Paris<\/title>\n<meta name=\"description\" content=\"je vous aiderai \u00e0 mettre en place des Tableaux de bord web Analytics qui vous offriront une vue d&#039;ensemble claire et concise de vos KPIs\" \/>\n<meta name=\"robots\" content=\"index, follow, max-snippet:-1, max-image-preview:large, max-video-preview:-1\" \/>\n<link rel=\"canonical\" href=\"https:\/\/freelance-analytics.fr\/index.php\/tableaux-de-bord-web\/\" \/>\n<meta property=\"og:locale\" content=\"fr_FR\" \/>\n<meta property=\"og:type\" content=\"article\" \/>\n<meta property=\"og:title\" content=\"Tableaux de bord web - Freelance Analytics Paris\" \/>\n<meta property=\"og:description\" content=\"je vous aiderai \u00e0 mettre en place des Tableaux de bord web Analytics qui vous offriront une vue d&#039;ensemble claire et concise de vos KPIs\" \/>\n<meta property=\"og:url\" content=\"https:\/\/freelance-analytics.fr\/index.php\/tableaux-de-bord-web\/\" \/>\n<meta property=\"og:site_name\" content=\"Freelance Analytics Paris\" \/>\n<meta property=\"article:modified_time\" content=\"2023-12-04T20:19:12+00:00\" \/>\n<meta name=\"twitter:card\" content=\"summary_large_image\" \/>\n<meta name=\"twitter:label1\" content=\"Dur\u00e9e de lecture estim\u00e9e\" \/>\n\t<meta name=\"twitter:data1\" content=\"2 minutes\" \/>\n<script type=\"application\/ld+json\" class=\"yoast-schema-graph\">{\"@context\":\"https:\/\/schema.org\",\"@graph\":[{\"@type\":\"WebPage\",\"@id\":\"https:\/\/freelance-analytics.fr\/index.php\/tableaux-de-bord-web\/\",\"url\":\"https:\/\/freelance-analytics.fr\/index.php\/tableaux-de-bord-web\/\",\"name\":\"Tableaux de bord web - Freelance Analytics Paris\",\"isPartOf\":{\"@id\":\"https:\/\/freelance-analytics.fr\/#website\"},\"datePublished\":\"2023-05-24T21:25:23+00:00\",\"dateModified\":\"2023-12-04T20:19:12+00:00\",\"description\":\"je vous aiderai \u00e0 mettre en place des Tableaux de bord web Analytics qui vous offriront une vue d'ensemble claire et concise de vos KPIs\",\"breadcrumb\":{\"@id\":\"https:\/\/freelance-analytics.fr\/index.php\/tableaux-de-bord-web\/#breadcrumb\"},\"inLanguage\":\"fr-FR\",\"potentialAction\":[{\"@type\":\"ReadAction\",\"target\":[\"https:\/\/freelance-analytics.fr\/index.php\/tableaux-de-bord-web\/\"]}]},{\"@type\":\"BreadcrumbList\",\"@id\":\"https:\/\/freelance-analytics.fr\/index.php\/tableaux-de-bord-web\/#breadcrumb\",\"itemListElement\":[{\"@type\":\"ListItem\",\"position\":1,\"name\":\"Accueil\",\"item\":\"https:\/\/freelance-analytics.fr\/\"},{\"@type\":\"ListItem\",\"position\":2,\"name\":\"Tableaux de bord web\"}]},{\"@type\":\"WebSite\",\"@id\":\"https:\/\/freelance-analytics.fr\/#website\",\"url\":\"https:\/\/freelance-analytics.fr\/\",\"name\":\"Freelance Analytics | Consultant Analytics\",\"description\":\"&quot;Des donn\u00e9es \u00e0 l&#039;action&quot;\",\"publisher\":{\"@id\":\"https:\/\/freelance-analytics.fr\/#organization\"},\"potentialAction\":[{\"@type\":\"SearchAction\",\"target\":{\"@type\":\"EntryPoint\",\"urlTemplate\":\"https:\/\/freelance-analytics.fr\/?s={search_term_string}\"},\"query-input\":{\"@type\":\"PropertyValueSpecification\",\"valueRequired\":true,\"valueName\":\"search_term_string\"}}],\"inLanguage\":\"fr-FR\"},{\"@type\":\"Organization\",\"@id\":\"https:\/\/freelance-analytics.fr\/#organization\",\"name\":\"Freelance Analytics | Consultant Analytics\",\"url\":\"https:\/\/freelance-analytics.fr\/\",\"logo\":{\"@type\":\"ImageObject\",\"inLanguage\":\"fr-FR\",\"@id\":\"https:\/\/freelance-analytics.fr\/#\/schema\/logo\/image\/\",\"url\":\"https:\/\/freelance-analytics.fr\/wp-content\/uploads\/2023\/05\/cropped-cropped-Icone_de_site_Freelance_Analytics-1.jpg\",\"contentUrl\":\"https:\/\/freelance-analytics.fr\/wp-content\/uploads\/2023\/05\/cropped-cropped-Icone_de_site_Freelance_Analytics-1.jpg\",\"width\":511,\"height\":511,\"caption\":\"Freelance Analytics | Consultant Analytics\"},\"image\":{\"@id\":\"https:\/\/freelance-analytics.fr\/#\/schema\/logo\/image\/\"}}]}<\/script>\n<!-- \/ Yoast SEO plugin. -->","yoast_head_json":{"title":"Tableaux de bord web - Freelance Analytics Paris","description":"je vous aiderai \u00e0 mettre en place des Tableaux de bord web Analytics qui vous offriront une vue d'ensemble claire et concise de vos KPIs","robots":{"index":"index","follow":"follow","max-snippet":"max-snippet:-1","max-image-preview":"max-image-preview:large","max-video-preview":"max-video-preview:-1"},"canonical":"https:\/\/freelance-analytics.fr\/index.php\/tableaux-de-bord-web\/","og_locale":"fr_FR","og_type":"article","og_title":"Tableaux de bord web - Freelance Analytics Paris","og_description":"je vous aiderai \u00e0 mettre en place des Tableaux de bord web Analytics qui vous offriront une vue d'ensemble claire et concise de vos KPIs","og_url":"https:\/\/freelance-analytics.fr\/index.php\/tableaux-de-bord-web\/","og_site_name":"Freelance Analytics Paris","article_modified_time":"2023-12-04T20:19:12+00:00","twitter_card":"summary_large_image","twitter_misc":{"Dur\u00e9e de lecture estim\u00e9e":"2 minutes"},"schema":{"@context":"https:\/\/schema.org","@graph":[{"@type":"WebPage","@id":"https:\/\/freelance-analytics.fr\/index.php\/tableaux-de-bord-web\/","url":"https:\/\/freelance-analytics.fr\/index.php\/tableaux-de-bord-web\/","name":"Tableaux de bord web - Freelance Analytics Paris","isPartOf":{"@id":"https:\/\/freelance-analytics.fr\/#website"},"datePublished":"2023-05-24T21:25:23+00:00","dateModified":"2023-12-04T20:19:12+00:00","description":"je vous aiderai \u00e0 mettre en place des Tableaux de bord web Analytics qui vous offriront une vue d'ensemble claire et concise de vos KPIs","breadcrumb":{"@id":"https:\/\/freelance-analytics.fr\/index.php\/tableaux-de-bord-web\/#breadcrumb"},"inLanguage":"fr-FR","potentialAction":[{"@type":"ReadAction","target":["https:\/\/freelance-analytics.fr\/index.php\/tableaux-de-bord-web\/"]}]},{"@type":"BreadcrumbList","@id":"https:\/\/freelance-analytics.fr\/index.php\/tableaux-de-bord-web\/#breadcrumb","itemListElement":[{"@type":"ListItem","position":1,"name":"Accueil","item":"https:\/\/freelance-analytics.fr\/"},{"@type":"ListItem","position":2,"name":"Tableaux de bord web"}]},{"@type":"WebSite","@id":"https:\/\/freelance-analytics.fr\/#website","url":"https:\/\/freelance-analytics.fr\/","name":"Freelance Analytics | Consultant Analytics","description":"&quot;Des donn\u00e9es \u00e0 l&#039;action&quot;","publisher":{"@id":"https:\/\/freelance-analytics.fr\/#organization"},"potentialAction":[{"@type":"SearchAction","target":{"@type":"EntryPoint","urlTemplate":"https:\/\/freelance-analytics.fr\/?s={search_term_string}"},"query-input":{"@type":"PropertyValueSpecification","valueRequired":true,"valueName":"search_term_string"}}],"inLanguage":"fr-FR"},{"@type":"Organization","@id":"https:\/\/freelance-analytics.fr\/#organization","name":"Freelance Analytics | Consultant Analytics","url":"https:\/\/freelance-analytics.fr\/","logo":{"@type":"ImageObject","inLanguage":"fr-FR","@id":"https:\/\/freelance-analytics.fr\/#\/schema\/logo\/image\/","url":"https:\/\/freelance-analytics.fr\/wp-content\/uploads\/2023\/05\/cropped-cropped-Icone_de_site_Freelance_Analytics-1.jpg","contentUrl":"https:\/\/freelance-analytics.fr\/wp-content\/uploads\/2023\/05\/cropped-cropped-Icone_de_site_Freelance_Analytics-1.jpg","width":511,"height":511,"caption":"Freelance Analytics | Consultant Analytics"},"image":{"@id":"https:\/\/freelance-analytics.fr\/#\/schema\/logo\/image\/"}}]}},"_links":{"self":[{"href":"https:\/\/freelance-analytics.fr\/index.php\/wp-json\/wp\/v2\/pages\/407","targetHints":{"allow":["GET"]}}],"collection":[{"href":"https:\/\/freelance-analytics.fr\/index.php\/wp-json\/wp\/v2\/pages"}],"about":[{"href":"https:\/\/freelance-analytics.fr\/index.php\/wp-json\/wp\/v2\/types\/page"}],"author":[{"embeddable":true,"href":"https:\/\/freelance-analytics.fr\/index.php\/wp-json\/wp\/v2\/users\/1"}],"replies":[{"embeddable":true,"href":"https:\/\/freelance-analytics.fr\/index.php\/wp-json\/wp\/v2\/comments?post=407"}],"version-history":[{"count":14,"href":"https:\/\/freelance-analytics.fr\/index.php\/wp-json\/wp\/v2\/pages\/407\/revisions"}],"predecessor-version":[{"id":1246,"href":"https:\/\/freelance-analytics.fr\/index.php\/wp-json\/wp\/v2\/pages\/407\/revisions\/1246"}],"wp:attachment":[{"href":"https:\/\/freelance-analytics.fr\/index.php\/wp-json\/wp\/v2\/media?parent=407"}],"curies":[{"name":"wp","href":"https:\/\/api.w.org\/{rel}","templated":true}]}}